{"id":675,"date":"2018-02-12T17:21:41","date_gmt":"2018-02-12T16:21:41","guid":{"rendered":"https:\/\/www.blocktac.com\/?page_id=675"},"modified":"2019-04-05T12:12:54","modified_gmt":"2019-04-05T10:12:54","slug":"about-us","status":"publish","type":"page","link":"https:\/\/www.blocktac.com\/en\/about-us\/","title":{"rendered":"About us"},"content":{"rendered":"<p>[vc_row row_type=&#8221;row&#8221; use_row_as_full_screen_section=&#8221;no&#8221; type=&#8221;full_width&#8221; text_align=&#8221;left&#8221; background_animation=&#8221;none&#8221; css_animation=&#8221;&#8221; css=&#8221;.vc_custom_1554132710632{padding-top: 0px !important;padding-bottom: 0px !important;}&#8221;][vc_column width=&#8221;1\/6&#8243;][\/vc_column][vc_column width=&#8221;2\/3&#8243;][vc_empty_space height=&#8221;30px&#8221;][vc_column_text]<\/p>\n<h1 style=\"text-align: center;\">About BlockTac<\/h1>\n<h4 style=\"text-align: center;\">An innovative reference in the area of \u200b\u200bthe application of new technologies to digital certification and accreditation<\/h4>\n<div class=\"wpb_text_column wpb_content_element \">\n<div class=\"wpb_wrapper\">\n<p style=\"text-align: center;\"><strong>BlockTac<\/strong>\u00a0relies on Blockchain technology to provide the properties of inviolability, immutability and open verification for all its digital certificates. It is based on experienced professionals in Internet technologies and academic management, and already has among its clients Universities, Business Schools, Professional Associations in Spain, as well as International Higher Education Institutions in Europe and Latin America.<\/p>\n<\/div>\n<\/div>\n<p>[\/vc_column_text][vc_empty_space height=&#8221;60px&#8221;][\/vc_column][vc_column width=&#8221;1\/6&#8243;][\/vc_column][\/vc_row][vc_row row_type=&#8221;row&#8221; use_row_as_full_screen_section=&#8221;no&#8221; type=&#8221;grid&#8221; text_align=&#8221;left&#8221; background_animation=&#8221;none&#8221; css_animation=&#8221;&#8221;][vc_column offset=&#8221;vc_col-lg-3 vc_col-md-6&#8243;]<div class='q_team with_padding info_hover'><div class='q_team_inner'><div class='q_team_image'><img src='https:\/\/i0.wp.com\/www.blocktac.com\/wp-content\/uploads\/2018\/01\/enrique-lizaso.jpg?w=1060&#038;ssl=1' alt='team_image' data-recalc-dims=\"1\" \/><div class='q_team_social_holder'  style='background-color:#009ca3;'><div class='q_team_social'><div class='q_team_social_inner'><div class='q_team_title_holder'><h3 class='q_team_name' style =\"color: #ffffff;font-size: 20px;font-weight: 400;text-transform: capitalize\">Enrique Lizaso<\/h3><h6 class='q_team_position' style =\"color: #ffffff;font-size: 14px;font-weight: 400;text-transform: capitalize\">Co-founder &amp; Director - COO<\/h6><\/div><div class='q_team_social_on_hover'><span class='q_social_icon_holder with_link normal_social' data-hover-color=#333333><a href='https:\/\/www.linkedin.com\/in\/enriquelizaso\/' target='_blank'><span class='social_icon social_linkedin  simple_social' style='color: #ffffff;'><\/span><\/a><\/span><\/div><\/div><\/div><\/div><\/div><\/div><\/div>[vc_empty_space height=&#8221;30px&#8221;][\/vc_column][vc_column offset=&#8221;vc_col-lg-3 vc_col-md-6&#8243;]<div class='q_team with_padding info_hover'><div class='q_team_inner'><div class='q_team_image'><img src='https:\/\/i0.wp.com\/www.blocktac.com\/wp-content\/uploads\/2018\/01\/francisco-guillen.jpg?w=1060&#038;ssl=1' alt='team_image' data-recalc-dims=\"1\" \/><div class='q_team_social_holder'  style='background-color:#009ca3;'><div class='q_team_social'><div class='q_team_social_inner'><div class='q_team_title_holder'><h3 class='q_team_name' style =\"color: #ffffff;font-size: 20px;font-weight: 400;text-transform: capitalize\">Francisco Guill\u00e9n<\/h3><h6 class='q_team_position' style =\"color: #ffffff;font-size: 14px;font-weight: 400;text-transform: capitalize\">Co-founder &amp; Director - CEO<\/h6><\/div><div class='q_team_social_on_hover'><span class='q_social_icon_holder with_link normal_social' data-hover-color=#333333><a href='https:\/\/www.linkedin.com\/in\/fjguillen\/' target='_blank'><span class='social_icon social_linkedin  simple_social' style='color: #ffffff;'><\/span><\/a><\/span><span class='q_social_icon_holder with_link normal_social' data-hover-color=#333333><a href='https:\/\/twitter.com\/pacoguillen' target='_blank'><span class='social_icon social_twitter  simple_social' style='color: #ffffff;'><\/span><\/a><\/span><\/div><\/div><\/div><\/div><\/div><\/div><\/div>[vc_empty_space height=&#8221;30px&#8221;][\/vc_column][vc_column offset=&#8221;vc_col-lg-3 vc_col-md-6&#8243;]<div class='q_team with_padding info_hover'><div class='q_team_inner'><div class='q_team_image'><img src='https:\/\/i0.wp.com\/www.blocktac.com\/wp-content\/uploads\/2018\/01\/jose-maria-muntane.jpg?w=1060&#038;ssl=1' alt='team_image' data-recalc-dims=\"1\" \/><div class='q_team_social_holder'  style='background-color:#009ca3;'><div class='q_team_social'><div class='q_team_social_inner'><div class='q_team_title_holder'><h3 class='q_team_name' style =\"color: #ffffff;font-size: 20px;font-weight: 400;text-transform: capitalize\">Jos\u00e9 Mar\u00eda Muntan\u00e9<\/h3><h6 class='q_team_position' style =\"color: #ffffff;font-size: 14px;font-weight: 400;text-transform: capitalize\">CIO - Business Partner<\/h6><\/div><div class='q_team_social_on_hover'><span class='q_social_icon_holder with_link normal_social' data-hover-color=#333333><a href='https:\/\/www.linkedin.com\/in\/munta\/' target='_blank'><span class='social_icon social_linkedin  simple_social' style='color: #ffffff;'><\/span><\/a><\/span><span class='q_social_icon_holder with_link normal_social' data-hover-color=#333333><a href='https:\/\/twitter.com\/netmunta' target='_blank'><span class='social_icon social_twitter  simple_social' style='color: #ffffff;'><\/span><\/a><\/span><\/div><\/div><\/div><\/div><\/div><\/div><\/div>[vc_empty_space height=&#8221;30px&#8221;][\/vc_column][vc_column offset=&#8221;vc_col-lg-3 vc_col-md-6&#8243;]<div class='q_team with_padding info_hover'><div class='q_team_inner'><div class='q_team_image'><img src='https:\/\/i0.wp.com\/www.blocktac.com\/wp-content\/uploads\/2018\/01\/lluis-torra.jpg?w=1060&#038;ssl=1' alt='team_image' data-recalc-dims=\"1\" \/><div class='q_team_social_holder'  style='background-color:#009ca3;'><div class='q_team_social'><div class='q_team_social_inner'><div class='q_team_title_holder'><h3 class='q_team_name' style =\"color: #ffffff;font-size: 20px;font-weight: 400;text-transform: capitalize\">Lluis Torra<\/h3><h6 class='q_team_position' style =\"color: #ffffff;font-size: 14px;font-weight: 400;text-transform: capitalize\">CMO - Business Partner<\/h6><\/div><div class='q_team_social_on_hover'><span class='q_social_icon_holder with_link normal_social' data-hover-color=#333333><a href='https:\/\/www.linkedin.com\/in\/lluistorra\/' target='_blank'><span class='social_icon social_linkedin  simple_social' style='color: #ffffff;'><\/span><\/a><\/span><\/div><\/div><\/div><\/div><\/div><\/div><\/div>[vc_empty_space height=&#8221;30px&#8221;][\/vc_column][\/vc_row][vc_row row_type=&#8221;row&#8221; use_row_as_full_screen_section=&#8221;no&#8221; type=&#8221;full_width&#8221; text_align=&#8221;left&#8221; background_animation=&#8221;none&#8221; css_animation=&#8221;&#8221;][vc_column][vc_empty_space height=&#8221;60px&#8221;][\/vc_column][\/vc_row]<\/p>\n","protected":false},"excerpt":{"rendered":"<p>[vc_row row_type=&#8221;row&#8221; use_row_as_full_screen_section=&#8221;no&#8221; type=&#8221;full_width&#8221; text_align=&#8221;left&#8221; background_animation=&#8221;none&#8221; css_animation=&#8221;&#8221; css=&#8221;.vc_custom_1554132710632{padding-top: 0px !important;padding-bottom: 0px !important;}&#8221;][vc_column width=&#8221;1\/6&#8243;][\/vc_column][vc_column width=&#8221;2\/3&#8243;][vc_empty_space height=&#8221;30px&#8221;][vc_column_text] About BlockTac An innovative reference in the area of \u200b\u200bthe application of new technologies to digital certification and accreditation BlockTac\u00a0relies on Blockchain technology to provide the properties of inviolability, immutability&#8230;<\/p>\n","protected":false},"author":1,"featured_media":0,"parent":0,"menu_order":6,"comment_status":"closed","ping_status":"closed","template":"","meta":{"spay_email":""},"yoast_head":"<!-- This site is optimized with the Yoast SEO plugin v18.8 - https:\/\/yoast.com\/wordpress\/plugins\/seo\/ -->\n<title>About us - BLOCKTAC<\/title>\n<meta name=\"robots\" content=\"index, follow, max-snippet:-1, max-image-preview:large, max-video-preview:-1\" \/>\n<link rel=\"canonical\" href=\"https:\/\/www.blocktac.com\/en\/about-us\/\" \/>\n<meta property=\"og:locale\" content=\"en_US\" \/>\n<meta property=\"og:type\" content=\"article\" \/>\n<meta property=\"og:title\" content=\"About us - BLOCKTAC\" \/>\n<meta property=\"og:description\" content=\"[vc_row row_type=&#8221;row&#8221; use_row_as_full_screen_section=&#8221;no&#8221; type=&#8221;full_width&#8221; text_align=&#8221;left&#8221; background_animation=&#8221;none&#8221; css_animation=&#8221;&#8221; css=&#8221;.vc_custom_1554132710632{padding-top: 0px !important;padding-bottom: 0px !important;}&#8221;][vc_column width=&#8221;1\/6&#8243;][\/vc_column][vc_column width=&#8221;2\/3&#8243;][vc_empty_space height=&#8221;30px&#8221;][vc_column_text] About BlockTac An innovative reference in the area of \u200b\u200bthe application of new technologies to digital certification and accreditation BlockTac\u00a0relies on Blockchain technology to provide the properties of inviolability, immutability...\" \/>\n<meta property=\"og:url\" content=\"https:\/\/www.blocktac.com\/en\/about-us\/\" \/>\n<meta property=\"og:site_name\" content=\"BLOCKTAC\" \/>\n<meta property=\"article:modified_time\" content=\"2019-04-05T10:12:54+00:00\" \/>\n<meta name=\"twitter:card\" content=\"summary_large_image\" \/>\n<meta name=\"twitter:label1\" content=\"Est. reading time\" \/>\n\t<meta name=\"twitter:data1\" content=\"4 minutes\" \/>\n<script type=\"application\/ld+json\" class=\"yoast-schema-graph\">{\"@context\":\"https:\/\/schema.org\",\"@graph\":[{\"@type\":\"Organization\",\"@id\":\"https:\/\/www.blocktac.com\/#organization\",\"name\":\"BlockTac\",\"url\":\"https:\/\/www.blocktac.com\/\",\"sameAs\":[],\"logo\":{\"@type\":\"ImageObject\",\"inLanguage\":\"en-US\",\"@id\":\"https:\/\/www.blocktac.com\/#\/schema\/logo\/image\/\",\"url\":\"https:\/\/i0.wp.com\/www.blocktac.com\/wp-content\/uploads\/2018\/01\/Logo-blocktac-web.png?fit=101%2C50&ssl=1\",\"contentUrl\":\"https:\/\/i0.wp.com\/www.blocktac.com\/wp-content\/uploads\/2018\/01\/Logo-blocktac-web.png?fit=101%2C50&ssl=1\",\"width\":101,\"height\":50,\"caption\":\"BlockTac\"},\"image\":{\"@id\":\"https:\/\/www.blocktac.com\/#\/schema\/logo\/image\/\"}},{\"@type\":\"WebSite\",\"@id\":\"https:\/\/www.blocktac.com\/#website\",\"url\":\"https:\/\/www.blocktac.com\/\",\"name\":\"BLOCKTAC\",\"description\":\"Blocktac - Certify your Knowledge and Experience\",\"publisher\":{\"@id\":\"https:\/\/www.blocktac.com\/#organization\"},\"potentialAction\":[{\"@type\":\"SearchAction\",\"target\":{\"@type\":\"EntryPoint\",\"urlTemplate\":\"https:\/\/www.blocktac.com\/?s={search_term_string}\"},\"query-input\":\"required name=search_term_string\"}],\"inLanguage\":\"en-US\"},{\"@type\":\"WebPage\",\"@id\":\"https:\/\/www.blocktac.com\/en\/about-us\/#webpage\",\"url\":\"https:\/\/www.blocktac.com\/en\/about-us\/\",\"name\":\"About us - BLOCKTAC\",\"isPartOf\":{\"@id\":\"https:\/\/www.blocktac.com\/#website\"},\"datePublished\":\"2018-02-12T16:21:41+00:00\",\"dateModified\":\"2019-04-05T10:12:54+00:00\",\"breadcrumb\":{\"@id\":\"https:\/\/www.blocktac.com\/en\/about-us\/#breadcrumb\"},\"inLanguage\":\"en-US\",\"potentialAction\":[{\"@type\":\"ReadAction\",\"target\":[\"https:\/\/www.blocktac.com\/en\/about-us\/\"]}]},{\"@type\":\"BreadcrumbList\",\"@id\":\"https:\/\/www.blocktac.com\/en\/about-us\/#breadcrumb\",\"itemListElement\":[{\"@type\":\"ListItem\",\"position\":1,\"name\":\"Portada\",\"item\":\"https:\/\/www.blocktac.com\/en\/\"},{\"@type\":\"ListItem\",\"position\":2,\"name\":\"About us\"}]}]}<\/script>\n<!-- \/ Yoast SEO plugin. -->","yoast_head_json":{"title":"About us - BLOCKTAC","robots":{"index":"index","follow":"follow","max-snippet":"max-snippet:-1","max-image-preview":"max-image-preview:large","max-video-preview":"max-video-preview:-1"},"canonical":"https:\/\/www.blocktac.com\/en\/about-us\/","og_locale":"en_US","og_type":"article","og_title":"About us - BLOCKTAC","og_description":"[vc_row row_type=&#8221;row&#8221; use_row_as_full_screen_section=&#8221;no&#8221; type=&#8221;full_width&#8221; text_align=&#8221;left&#8221; background_animation=&#8221;none&#8221; css_animation=&#8221;&#8221; css=&#8221;.vc_custom_1554132710632{padding-top: 0px !important;padding-bottom: 0px !important;}&#8221;][vc_column width=&#8221;1\/6&#8243;][\/vc_column][vc_column width=&#8221;2\/3&#8243;][vc_empty_space height=&#8221;30px&#8221;][vc_column_text] About BlockTac An innovative reference in the area of \u200b\u200bthe application of new technologies to digital certification and accreditation BlockTac\u00a0relies on Blockchain technology to provide the properties of inviolability, immutability...","og_url":"https:\/\/www.blocktac.com\/en\/about-us\/","og_site_name":"BLOCKTAC","article_modified_time":"2019-04-05T10:12:54+00:00","twitter_card":"summary_large_image","twitter_misc":{"Est. reading time":"4 minutes"},"schema":{"@context":"https:\/\/schema.org","@graph":[{"@type":"Organization","@id":"https:\/\/www.blocktac.com\/#organization","name":"BlockTac","url":"https:\/\/www.blocktac.com\/","sameAs":[],"logo":{"@type":"ImageObject","inLanguage":"en-US","@id":"https:\/\/www.blocktac.com\/#\/schema\/logo\/image\/","url":"https:\/\/i0.wp.com\/www.blocktac.com\/wp-content\/uploads\/2018\/01\/Logo-blocktac-web.png?fit=101%2C50&ssl=1","contentUrl":"https:\/\/i0.wp.com\/www.blocktac.com\/wp-content\/uploads\/2018\/01\/Logo-blocktac-web.png?fit=101%2C50&ssl=1","width":101,"height":50,"caption":"BlockTac"},"image":{"@id":"https:\/\/www.blocktac.com\/#\/schema\/logo\/image\/"}},{"@type":"WebSite","@id":"https:\/\/www.blocktac.com\/#website","url":"https:\/\/www.blocktac.com\/","name":"BLOCKTAC","description":"Blocktac - Certify your Knowledge and Experience","publisher":{"@id":"https:\/\/www.blocktac.com\/#organization"},"potentialAction":[{"@type":"SearchAction","target":{"@type":"EntryPoint","urlTemplate":"https:\/\/www.blocktac.com\/?s={search_term_string}"},"query-input":"required name=search_term_string"}],"inLanguage":"en-US"},{"@type":"WebPage","@id":"https:\/\/www.blocktac.com\/en\/about-us\/#webpage","url":"https:\/\/www.blocktac.com\/en\/about-us\/","name":"About us - BLOCKTAC","isPartOf":{"@id":"https:\/\/www.blocktac.com\/#website"},"datePublished":"2018-02-12T16:21:41+00:00","dateModified":"2019-04-05T10:12:54+00:00","breadcrumb":{"@id":"https:\/\/www.blocktac.com\/en\/about-us\/#breadcrumb"},"inLanguage":"en-US","potentialAction":[{"@type":"ReadAction","target":["https:\/\/www.blocktac.com\/en\/about-us\/"]}]},{"@type":"BreadcrumbList","@id":"https:\/\/www.blocktac.com\/en\/about-us\/#breadcrumb","itemListElement":[{"@type":"ListItem","position":1,"name":"Portada","item":"https:\/\/www.blocktac.com\/en\/"},{"@type":"ListItem","position":2,"name":"About us"}]}]}},"jetpack_sharing_enabled":true,"jetpack_shortlink":"https:\/\/wp.me\/P9BDnS-aT","jetpack_likes_enabled":true,"_links":{"self":[{"href":"https:\/\/www.blocktac.com\/en\/wp-json\/wp\/v2\/pages\/675\/"}],"collection":[{"href":"https:\/\/www.blocktac.com\/en\/wp-json\/wp\/v2\/pages\/"}],"about":[{"href":"https:\/\/www.blocktac.com\/en\/wp-json\/wp\/v2\/types\/page\/"}],"author":[{"embeddable":true,"href":"https:\/\/www.blocktac.com\/en\/wp-json\/wp\/v2\/users\/1\/"}],"replies":[{"embeddable":true,"href":"https:\/\/www.blocktac.com\/en\/wp-json\/wp\/v2\/comments\/?post=675"}],"version-history":[{"count":1,"href":"https:\/\/www.blocktac.com\/en\/wp-json\/wp\/v2\/pages\/675\/revisions\/"}],"predecessor-version":[{"id":1332,"href":"https:\/\/www.blocktac.com\/en\/wp-json\/wp\/v2\/pages\/675\/revisions\/1332\/"}],"wp:attachment":[{"href":"https:\/\/www.blocktac.com\/en\/wp-json\/wp\/v2\/media\/?parent=675"}],"curies":[{"name":"wp","href":"https:\/\/api.w.org\/{rel}","templated":true}]}}